{"id":751,"date":"2022-09-14T12:51:23","date_gmt":"2022-09-14T12:51:23","guid":{"rendered":"https:\/\/masecore.com\/csr\/"},"modified":"2022-09-20T08:56:48","modified_gmt":"2022-09-20T08:56:48","slug":"csr","status":"publish","type":"page","link":"https:\/\/masecore.com\/es\/csr\/","title":{"rendered":"RSC"},"content":{"rendered":"\t\t<div data-elementor-type=\"wp-page\" data-elementor-id=\"751\" class=\"elementor elementor-751 elementor-697\" data-elementor-post-type=\"page\">\n\t\t\t\t\t\t<section class=\"elementor-section elementor-top-section elementor-element elementor-element-ede6f42 elementor-section-boxed elementor-section-height-default elementor-section-height-default\" data-id=\"ede6f42\" data-element_type=\"section\" data-e-type=\"section\" data-settings=\"{&quot;background_background&quot;:&quot;classic&quot;}\">\n\t\t\t\t\t\t\t<div class=\"elementor-background-overlay\"><\/div>\n\t\t\t\t\t\t\t<div class=\"elementor-container elementor-column-gap-default\">\n\t\t\t\t\t<div class=\"elementor-column elementor-col-100 elementor-top-column elementor-element elementor-element-bc6a053\" data-id=\"bc6a053\" data-element_type=\"column\" data-e-type=\"column\">\n\t\t\t<div class=\"elementor-widget-wrap elementor-element-populated\">\n\t\t\t\t\t\t<div class=\"elementor-element elementor-element-32a6ad1b elementor-widget elementor-widget-heading\" data-id=\"32a6ad1b\" data-element_type=\"widget\" data-e-type=\"widget\" data-widget_type=\"heading.default\">\n\t\t\t\t<div class=\"elementor-widget-container\">\n\t\t\t\t\t<h1 class=\"elementor-heading-title elementor-size-default\">RESPONSABILIDAD SOCIAL CORPORATIVA<\/h1>\t\t\t\t<\/div>\n\t\t\t\t<\/div>\n\t\t\t\t\t<\/div>\n\t\t<\/div>\n\t\t\t\t\t<\/div>\n\t\t<\/section>\n\t\t\t\t<section class=\"elementor-section elementor-top-section elementor-element elementor-element-79190ec elementor-section-boxed elementor-section-height-default elementor-section-height-default\" data-id=\"79190ec\" data-element_type=\"section\" data-e-type=\"section\" data-settings=\"{&quot;background_background&quot;:&quot;classic&quot;}\">\n\t\t\t\t\t\t<div class=\"elementor-container elementor-column-gap-default\">\n\t\t\t\t\t<div class=\"elementor-column elementor-col-100 elementor-top-column elementor-element elementor-element-3c50f55\" data-id=\"3c50f55\" data-element_type=\"column\" data-e-type=\"column\">\n\t\t\t<div class=\"elementor-widget-wrap elementor-element-populated\">\n\t\t\t\t\t\t<div class=\"elementor-element elementor-element-eb55455 elementor-widget elementor-widget-image\" data-id=\"eb55455\" data-element_type=\"widget\" data-e-type=\"widget\" data-widget_type=\"image.default\">\n\t\t\t\t<div class=\"elementor-widget-container\">\n\t\t\t\t\t\t\t\t\t\t\t\t\t\t\t<img decoding=\"async\" width=\"144\" height=\"80\" src=\"https:\/\/masecore.com\/wp-content\/uploads\/2020\/04\/MASECORE-R-144X80.png\" class=\"attachment-large size-large wp-image-549\" alt=\"\" \/>\t\t\t\t\t\t\t\t\t\t\t\t\t\t\t<\/div>\n\t\t\t\t<\/div>\n\t\t\t\t\t<\/div>\n\t\t<\/div>\n\t\t\t\t\t<\/div>\n\t\t<\/section>\n\t\t\t\t<section class=\"elementor-section elementor-top-section elementor-element elementor-element-31f4cb8 elementor-section-boxed elementor-section-height-default elementor-section-height-default\" data-id=\"31f4cb8\" data-element_type=\"section\" data-e-type=\"section\" data-settings=\"{&quot;background_background&quot;:&quot;classic&quot;}\">\n\t\t\t\t\t\t<div class=\"elementor-container elementor-column-gap-default\">\n\t\t\t\t\t<div class=\"elementor-column elementor-col-100 elementor-top-column elementor-element elementor-element-3721ae3\" data-id=\"3721ae3\" data-element_type=\"column\" data-e-type=\"column\">\n\t\t\t<div class=\"elementor-widget-wrap elementor-element-populated\">\n\t\t\t\t\t\t<div class=\"elementor-element elementor-element-65b9a2c elementor-widget elementor-widget-text-editor\" data-id=\"65b9a2c\" data-element_type=\"widget\" data-e-type=\"widget\" data-widget_type=\"text-editor.default\">\n\t\t\t\t<div class=\"elementor-widget-container\">\n\t\t\t\t\t\t\t\t\t<p><span lang=\"EN-GB\">Masecore cree firmemente que las empresas pueden y deben formar parte de la creaci\u00f3n de un futuro mejor para nuestro planeta y las personas.<\/span><\/p><p><span lang=\"EN-GB\"> <\/span><span style=\"font-style: inherit; font-weight: inherit; background-color: var(--ast-global-color-5); color: var(--ast-global-color-3);\">Desde nuestros inicios, nos hemos regido por las normas m\u00e1s estrictas de \u00e9tica empresarial. Nuestro objetivo es hacer siempre lo correcto para nuestros clientes, proveedores, socios y otras partes interesadas.<\/span><\/p><p><span lang=\"EN-GB\"> <\/span><span style=\"font-style: inherit; font-weight: inherit; background-color: var(--ast-global-color-5); color: var(--ast-global-color-3);\">Somos conscientes de que algunas de las materias primas con las que comerciamos contribuyen a aumentar nuestra huella de carbono comunitaria, y en nuestro negocio buscamos formas de mitigarla, al tiempo que ayudamos a apoyar la transici\u00f3n hacia tecnolog\u00edas menos intensivas en carbono para la actividad humana.<\/span><\/p>\t\t\t\t\t\t\t\t<\/div>\n\t\t\t\t<\/div>\n\t\t\t\t\t<\/div>\n\t\t<\/div>\n\t\t\t\t\t<\/div>\n\t\t<\/section>\n\t\t\t\t<\/div>\n\t\t","protected":false},"excerpt":{"rendered":"<p>RESPONSABILIDAD SOCIAL CORPORATIVA Masecore cree firmemente que las empresas pueden y deben formar parte de la creaci\u00f3n de un futuro mejor para nuestro planeta y las personas. Desde nuestros inicios, nos hemos regido por las normas m\u00e1s estrictas de \u00e9tica empresarial. Nuestro objetivo es hacer siempre lo correcto para nuestros clientes, proveedores, socios y otras [&hellip;]<\/p>\n","protected":false},"author":1,"featured_media":0,"parent":0,"menu_order":0,"comment_status":"closed","ping_status":"closed","template":"","meta":{"site-sidebar-layout":"no-sidebar","site-content-layout":"page-builder","ast-site-content-layout":"default","site-content-style":"default","site-sidebar-style":"default","ast-global-header-display":"","ast-banner-title-visibility":"","ast-main-header-display":"","ast-hfb-above-header-display":"","ast-hfb-below-header-display":"","ast-hfb-mobile-header-display":"","site-post-title":"disabled","ast-breadcrumbs-content":"","ast-featured-img":"","footer-sml-layout":"","ast-disable-related-posts":"","theme-transparent-header-meta":"enabled","adv-header-id-meta":"","stick-header-meta":"","header-above-stick-meta":"","header-main-stick-meta":"","header-below-stick-meta":"","astra-migrate-meta-layouts":"default","ast-page-background-enabled":"default","ast-page-background-meta":{"desktop":{"background-color":"","background-image":"","background-repeat":"repeat","background-position":"center center","background-size":"auto","background-attachment":"scroll","background-type":"","background-media":"","overlay-type":"","overlay-color":"","overlay-opacity":"","overlay-gradient":""},"tablet":{"background-color":"","background-image":"","background-repeat":"repeat","background-position":"center center","background-size":"auto","background-attachment":"scroll","background-type":"","background-media":"","overlay-type":"","overlay-color":"","overlay-opacity":"","overlay-gradient":""},"mobile":{"background-color":"","background-image":"","background-repeat":"repeat","background-position":"center center","background-size":"auto","background-attachment":"scroll","background-type":"","background-media":"","overlay-type":"","overlay-color":"","overlay-opacity":"","overlay-gradient":""}},"ast-content-background-meta":{"desktop":{"background-color":"var(--ast-global-color-5)","background-image":"","background-repeat":"repeat","background-position":"center center","background-size":"auto","background-attachment":"scroll","background-type":"","background-media":"","overlay-type":"","overlay-color":"","overlay-opacity":"","overlay-gradient":""},"tablet":{"background-color":"var(--ast-global-color-5)","background-image":"","background-repeat":"repeat","background-position":"center center","background-size":"auto","background-attachment":"scroll","background-type":"","background-media":"","overlay-type":"","overlay-color":"","overlay-opacity":"","overlay-gradient":""},"mobile":{"background-color":"var(--ast-global-color-5)","background-image":"","background-repeat":"repeat","background-position":"center center","background-size":"auto","background-attachment":"scroll","background-type":"","background-media":"","overlay-type":"","overlay-color":"","overlay-opacity":"","overlay-gradient":""}},"footnotes":""},"class_list":["post-751","page","type-page","status-publish","hentry"],"yoast_head":"<!-- This site is optimized with the Yoast SEO plugin v27.6 - https:\/\/yoast.com\/product\/yoast-seo-wordpress\/ -->\n<title>RSC - Masecore.com<\/title>\n<meta name=\"robots\" content=\"index, follow, max-snippet:-1, max-image-preview:large, max-video-preview:-1\" \/>\n<link rel=\"canonical\" href=\"https:\/\/masecore.com\/csr\/\" \/>\n<meta property=\"og:locale\" content=\"es_ES\" \/>\n<meta property=\"og:type\" content=\"article\" \/>\n<meta property=\"og:title\" content=\"RSC - Masecore.com\" \/>\n<meta property=\"og:description\" content=\"RESPONSABILIDAD SOCIAL CORPORATIVA Masecore cree firmemente que las empresas pueden y deben formar parte de la creaci\u00f3n de un futuro mejor para nuestro planeta y las personas. Desde nuestros inicios, nos hemos regido por las normas m\u00e1s estrictas de \u00e9tica empresarial. Nuestro objetivo es hacer siempre lo correcto para nuestros clientes, proveedores, socios y otras [&hellip;]\" \/>\n<meta property=\"og:url\" content=\"https:\/\/masecore.com\/csr\/\" \/>\n<meta property=\"og:site_name\" content=\"Masecore.com\" \/>\n<meta property=\"article:modified_time\" content=\"2022-09-20T08:56:48+00:00\" \/>\n<meta property=\"og:image\" content=\"https:\/\/masecore.com\/wp-content\/uploads\/2020\/04\/MASECORE-R-144X80.png\" \/>\n<meta name=\"twitter:card\" content=\"summary_large_image\" \/>\n<meta name=\"twitter:label1\" content=\"Tiempo de lectura\" \/>\n\t<meta name=\"twitter:data1\" content=\"1 minute\" \/>\n<script type=\"application\/ld+json\" class=\"yoast-schema-graph\">{\"@context\":\"https:\\\/\\\/schema.org\",\"@graph\":[{\"@type\":\"WebPage\",\"@id\":\"https:\\\/\\\/masecore.com\\\/csr\\\/\",\"url\":\"https:\\\/\\\/masecore.com\\\/csr\\\/\",\"name\":\"RSC - Masecore.com\",\"isPartOf\":{\"@id\":\"https:\\\/\\\/masecore.com\\\/#website\"},\"primaryImageOfPage\":{\"@id\":\"https:\\\/\\\/masecore.com\\\/csr\\\/#primaryimage\"},\"image\":{\"@id\":\"https:\\\/\\\/masecore.com\\\/csr\\\/#primaryimage\"},\"thumbnailUrl\":\"https:\\\/\\\/masecore.com\\\/wp-content\\\/uploads\\\/2020\\\/04\\\/MASECORE-R-144X80.png\",\"datePublished\":\"2022-09-14T12:51:23+00:00\",\"dateModified\":\"2022-09-20T08:56:48+00:00\",\"breadcrumb\":{\"@id\":\"https:\\\/\\\/masecore.com\\\/csr\\\/#breadcrumb\"},\"inLanguage\":\"es-ES\",\"potentialAction\":[{\"@type\":\"ReadAction\",\"target\":[\"https:\\\/\\\/masecore.com\\\/csr\\\/\"]}]},{\"@type\":\"ImageObject\",\"inLanguage\":\"es-ES\",\"@id\":\"https:\\\/\\\/masecore.com\\\/csr\\\/#primaryimage\",\"url\":\"https:\\\/\\\/masecore.com\\\/wp-content\\\/uploads\\\/2020\\\/04\\\/MASECORE-R-144X80.png\",\"contentUrl\":\"https:\\\/\\\/masecore.com\\\/wp-content\\\/uploads\\\/2020\\\/04\\\/MASECORE-R-144X80.png\"},{\"@type\":\"BreadcrumbList\",\"@id\":\"https:\\\/\\\/masecore.com\\\/csr\\\/#breadcrumb\",\"itemListElement\":[{\"@type\":\"ListItem\",\"position\":1,\"name\":\"Home\",\"item\":\"https:\\\/\\\/masecore.com\\\/es\\\/\"},{\"@type\":\"ListItem\",\"position\":2,\"name\":\"RSC\"}]},{\"@type\":\"WebSite\",\"@id\":\"https:\\\/\\\/masecore.com\\\/#website\",\"url\":\"https:\\\/\\\/masecore.com\\\/\",\"name\":\"Masecore.com\",\"description\":\"Global commodities trading company\",\"publisher\":{\"@id\":\"https:\\\/\\\/masecore.com\\\/#organization\"},\"potentialAction\":[{\"@type\":\"SearchAction\",\"target\":{\"@type\":\"EntryPoint\",\"urlTemplate\":\"https:\\\/\\\/masecore.com\\\/?s={search_term_string}\"},\"query-input\":{\"@type\":\"PropertyValueSpecification\",\"valueRequired\":true,\"valueName\":\"search_term_string\"}}],\"inLanguage\":\"es-ES\"},{\"@type\":\"Organization\",\"@id\":\"https:\\\/\\\/masecore.com\\\/#organization\",\"name\":\"Masecore.com\",\"url\":\"https:\\\/\\\/masecore.com\\\/\",\"logo\":{\"@type\":\"ImageObject\",\"inLanguage\":\"es-ES\",\"@id\":\"https:\\\/\\\/masecore.com\\\/#\\\/schema\\\/logo\\\/image\\\/\",\"url\":\"https:\\\/\\\/masecore.com\\\/wp-content\\\/uploads\\\/2020\\\/04\\\/MASECORE-N-144X80-blanco.png\",\"contentUrl\":\"https:\\\/\\\/masecore.com\\\/wp-content\\\/uploads\\\/2020\\\/04\\\/MASECORE-N-144X80-blanco.png\",\"width\":144,\"height\":80,\"caption\":\"Masecore.com\"},\"image\":{\"@id\":\"https:\\\/\\\/masecore.com\\\/#\\\/schema\\\/logo\\\/image\\\/\"}}]}<\/script>\n<!-- \/ Yoast SEO plugin. -->","yoast_head_json":{"title":"RSC - Masecore.com","robots":{"index":"index","follow":"follow","max-snippet":"max-snippet:-1","max-image-preview":"max-image-preview:large","max-video-preview":"max-video-preview:-1"},"canonical":"https:\/\/masecore.com\/csr\/","og_locale":"es_ES","og_type":"article","og_title":"RSC - Masecore.com","og_description":"RESPONSABILIDAD SOCIAL CORPORATIVA Masecore cree firmemente que las empresas pueden y deben formar parte de la creaci\u00f3n de un futuro mejor para nuestro planeta y las personas. Desde nuestros inicios, nos hemos regido por las normas m\u00e1s estrictas de \u00e9tica empresarial. Nuestro objetivo es hacer siempre lo correcto para nuestros clientes, proveedores, socios y otras [&hellip;]","og_url":"https:\/\/masecore.com\/csr\/","og_site_name":"Masecore.com","article_modified_time":"2022-09-20T08:56:48+00:00","og_image":[{"url":"https:\/\/masecore.com\/wp-content\/uploads\/2020\/04\/MASECORE-R-144X80.png","type":"","width":"","height":""}],"twitter_card":"summary_large_image","twitter_misc":{"Tiempo de lectura":"1 minute"},"schema":{"@context":"https:\/\/schema.org","@graph":[{"@type":"WebPage","@id":"https:\/\/masecore.com\/csr\/","url":"https:\/\/masecore.com\/csr\/","name":"RSC - Masecore.com","isPartOf":{"@id":"https:\/\/masecore.com\/#website"},"primaryImageOfPage":{"@id":"https:\/\/masecore.com\/csr\/#primaryimage"},"image":{"@id":"https:\/\/masecore.com\/csr\/#primaryimage"},"thumbnailUrl":"https:\/\/masecore.com\/wp-content\/uploads\/2020\/04\/MASECORE-R-144X80.png","datePublished":"2022-09-14T12:51:23+00:00","dateModified":"2022-09-20T08:56:48+00:00","breadcrumb":{"@id":"https:\/\/masecore.com\/csr\/#breadcrumb"},"inLanguage":"es-ES","potentialAction":[{"@type":"ReadAction","target":["https:\/\/masecore.com\/csr\/"]}]},{"@type":"ImageObject","inLanguage":"es-ES","@id":"https:\/\/masecore.com\/csr\/#primaryimage","url":"https:\/\/masecore.com\/wp-content\/uploads\/2020\/04\/MASECORE-R-144X80.png","contentUrl":"https:\/\/masecore.com\/wp-content\/uploads\/2020\/04\/MASECORE-R-144X80.png"},{"@type":"BreadcrumbList","@id":"https:\/\/masecore.com\/csr\/#breadcrumb","itemListElement":[{"@type":"ListItem","position":1,"name":"Home","item":"https:\/\/masecore.com\/es\/"},{"@type":"ListItem","position":2,"name":"RSC"}]},{"@type":"WebSite","@id":"https:\/\/masecore.com\/#website","url":"https:\/\/masecore.com\/","name":"Masecore.com","description":"Global commodities trading company","publisher":{"@id":"https:\/\/masecore.com\/#organization"},"potentialAction":[{"@type":"SearchAction","target":{"@type":"EntryPoint","urlTemplate":"https:\/\/masecore.com\/?s={search_term_string}"},"query-input":{"@type":"PropertyValueSpecification","valueRequired":true,"valueName":"search_term_string"}}],"inLanguage":"es-ES"},{"@type":"Organization","@id":"https:\/\/masecore.com\/#organization","name":"Masecore.com","url":"https:\/\/masecore.com\/","logo":{"@type":"ImageObject","inLanguage":"es-ES","@id":"https:\/\/masecore.com\/#\/schema\/logo\/image\/","url":"https:\/\/masecore.com\/wp-content\/uploads\/2020\/04\/MASECORE-N-144X80-blanco.png","contentUrl":"https:\/\/masecore.com\/wp-content\/uploads\/2020\/04\/MASECORE-N-144X80-blanco.png","width":144,"height":80,"caption":"Masecore.com"},"image":{"@id":"https:\/\/masecore.com\/#\/schema\/logo\/image\/"}}]}},"_links":{"self":[{"href":"https:\/\/masecore.com\/es\/wp-json\/wp\/v2\/pages\/751","targetHints":{"allow":["GET"]}}],"collection":[{"href":"https:\/\/masecore.com\/es\/wp-json\/wp\/v2\/pages"}],"about":[{"href":"https:\/\/masecore.com\/es\/wp-json\/wp\/v2\/types\/page"}],"author":[{"embeddable":true,"href":"https:\/\/masecore.com\/es\/wp-json\/wp\/v2\/users\/1"}],"replies":[{"embeddable":true,"href":"https:\/\/masecore.com\/es\/wp-json\/wp\/v2\/comments?post=751"}],"version-history":[{"count":11,"href":"https:\/\/masecore.com\/es\/wp-json\/wp\/v2\/pages\/751\/revisions"}],"predecessor-version":[{"id":864,"href":"https:\/\/masecore.com\/es\/wp-json\/wp\/v2\/pages\/751\/revisions\/864"}],"wp:attachment":[{"href":"https:\/\/masecore.com\/es\/wp-json\/wp\/v2\/media?parent=751"}],"curies":[{"name":"wp","href":"https:\/\/api.w.org\/{rel}","templated":true}]}}